{"id":1656,"date":"2024-03-04T18:38:37","date_gmt":"2024-03-04T18:38:37","guid":{"rendered":"http:\/\/yootheme.my-smartbike.eu\/?page_id=1656"},"modified":"2024-03-04T18:38:37","modified_gmt":"2024-03-04T18:38:37","slug":"cscmitglieder","status":"publish","type":"page","link":"https:\/\/my-smartbike.eu\/?page_id=1656","title":{"rendered":"cscmitglieder"},"content":{"rendered":"<p><img decoding=\"async\" src=\"\/wp-content\/uploads\/2024\/02\/verlosung.png\" alt=\"\"><\/p>\n<div><\/div>\n<p><a href=\"#faltbar2\">[chevron-down]<\/a><\/p>\n<div><\/div>\n<div>\n<p>SMART Bike \u00a9<\/p>\n<\/div>\n<div>\n<h1>VERLOSUNG AUF DEM CARAVAN SALON<\/h1>\n<\/div>\n<div>\n<p>Der CARAVAN SALON Club ist w\u00e4hrend und auch au\u00dferhalb der Messelaufzeiten ein Gewinn. Vor kurzem konnten sich zum Beispiel wieder drei Mitglieder \u00fcber tolle Preise freuen. Und schon bald geht es in die n\u00e4chste Runde: In der Weihnachtszeit warten weitere Preise auf Sie!<\/p>\n<p>In der Clublounge des CARAVAN SALONS gab es f\u00fcr die Clubmitglieder ein attraktives Gewinnspiel.<\/p>\n<p>Es winkten tolle Preise wie eine gem\u00fctliche H\u00e4ngematte von H\u00c4NG, 7 \u00dcbernachtungen im Gitzenweiler Hof und ein Smartbike BIGFoot (Wert: 2.400 Euro). Jutta Scholz hat bei der Verlosung abger\u00e4umt und uns ein Foto geschickt.<\/p>\n<p>\u201eDas Bike sieht so toll aus und ich freue mich sehr. Am Wochenende habe ich es gleich ausprobiert, es f\u00e4hrt sich super\u201c, schrieb uns die begeisterte Gewinnerin.<\/p>\n<p>Wer dieses Mal kein Gl\u00fcck hatte, muss nicht traurig sein, denn in der Adventszeit winken die n\u00e4chsten attraktiven Preise f\u00fcr Clubmitglieder. Wir informieren Sie rechtzeitig in der Clubmail!<\/p>\n<\/div>\n<p><img decoding=\"async\" src=\"\/wp-content\/uploads\/2024\/02\/SLsy8w7-kxIp.png\" alt=\"\"><\/p>\n<div><\/div>\n<p><!--more--><br \/>\n<!-- {\"type\":\"layout\",\"children\":[{\"type\":\"section\",\"props\":{\"animation\":\"slide-bottom-small\",\"header_transparent_noplaceholder\":true,\"image\":\"wp-content\\\/uploads\\\/2024\\\/02\\\/back.png\",\"image_position\":\"bottom-center\",\"image_size\":\"cover\",\"padding\":\"small\",\"padding_remove_bottom\":true,\"style\":\"default\",\"title_breakpoint\":\"xl\",\"title_position\":\"top-left\",\"title_rotation\":\"left\",\"vertical_align\":\"middle\",\"width\":\"default\"},\"children\":[{\"type\":\"row\",\"children\":[{\"type\":\"column\",\"props\":{\"image_position\":\"center-center\",\"position_sticky_breakpoint\":\"m\"},\"children\":[{\"type\":\"image\",\"props\":{\"animation\":\"parallax\",\"image\":\"wp-content\\\/uploads\\\/2024\\\/02\\\/verlosung.png\",\"image_loading\":true,\"image_svg_color\":\"emphasis\",\"image_width\":\"1200\",\"margin\":\"xlarge\",\"margin_remove_bottom\":true,\"parallax_easing\":\"0.5\",\"parallax_scale\":\"1,1.2\",\"parallax_start\":\"100%\",\"position\":\"relative\",\"position_z_index\":\"0\"}}]}]},{\"type\":\"row\",\"children\":[{\"type\":\"column\",\"props\":{\"image_position\":\"center-center\",\"position_sticky_breakpoint\":\"m\"},\"children\":[{\"type\":\"yoo_spacer\",\"props\":{\"spacer_element\":\"div\",\"spacer_height\":200}},{\"type\":\"icon\",\"props\":{\"css\":\"a, .uk-link {\\n    color: #315a33 !important;\\n}\",\"icon\":\"chevron-down\",\"icon_width\":60,\"link\":\"#faltbar2\",\"link_style\":\"link\",\"margin\":\"default\",\"text_align\":\"center\"}},{\"type\":\"yoo_spacer\",\"props\":{\"spacer_element\":\"div\",\"spacer_height\":28}}]}],\"props\":{\"row_gap\":\"small\"}}],\"name\":\"Hero\"},{\"type\":\"section\",\"props\":{\"id\":\"faltbar\",\"image\":\"wp-content\\\/uploads\\\/2024\\\/02\\\/CSC.png\",\"image_position\":\"center-center\",\"padding_remove_bottom\":true,\"padding_remove_top\":true,\"style\":\"default\",\"title_breakpoint\":\"xl\",\"title_position\":\"top-left\",\"title_rotation\":\"left\",\"vertical_align\":\"middle\",\"width\":\"default\"},\"children\":[{\"type\":\"row\",\"props\":{\"layout\":\"1-2,1-2\"},\"children\":[{\"type\":\"column\",\"props\":{\"image_position\":\"center-center\",\"position_sticky_breakpoint\":\"m\",\"width_medium\":\"1-2\"},\"children\":[{\"type\":\"text\",\"props\":{\"column_breakpoint\":\"m\",\"content\":\"\n\n<p>SMART Bike \\u00a9<\\\/p>\",\"css\":\".el-element {\\n    color: black !important;\\n}\",\"margin\":\"remove-vertical\"}},{\"type\":\"text\",\"props\":{\"column_breakpoint\":\"m\",\"content\":\"\n\n<h1>VERLOSUNG AUF DEM CARAVAN SALON<\\\/h1>\",\"css\":\".uk-h1, h1 {\\n    color: black;\\n}\\n.el-element {\\n    color: black !important;\\n}\",\"margin\":\"remove-vertical\"}}]},{\"type\":\"column\",\"props\":{\"image_position\":\"center-center\",\"position_sticky_breakpoint\":\"m\",\"width_medium\":\"1-2\"}}]},{\"type\":\"row\",\"props\":{\"layout\":\"1-2,1-2\"},\"children\":[{\"type\":\"column\",\"props\":{\"image_position\":\"center-center\",\"position_sticky_breakpoint\":\"m\",\"width_medium\":\"1-2\"},\"children\":[{\"type\":\"text\",\"props\":{\"column_breakpoint\":\"m\",\"content\":\"\n\n<p>Der CARAVAN SALON Club ist w\\u00e4hrend und auch au\\u00dferhalb der Messelaufzeiten ein Gewinn. Vor kurzem konnten sich zum Beispiel wieder drei Mitglieder \\u00fcber tolle Preise freuen. Und schon bald geht es in die n\\u00e4chste Runde: In der Weihnachtszeit warten weitere Preise auf Sie!<\\\/p>\\n\n\n<p>In der Clublounge des CARAVAN SALONS gab es f\\u00fcr die Clubmitglieder ein attraktives Gewinnspiel.<\\\/p>\\n\n\n<p>Es winkten tolle Preise wie eine gem\\u00fctliche H\\u00e4ngematte von H\\u00c4NG, 7 \\u00dcbernachtungen im Gitzenweiler Hof und ein Smartbike BIGFoot (Wert: 2.400 Euro). Jutta Scholz hat bei der Verlosung abger\\u00e4umt und uns ein Foto geschickt.<\\\/p>\\n\n\n<p>\\u201eDas Bike sieht so toll aus und ich freue mich sehr. Am Wochenende habe ich es gleich ausprobiert, es f\\u00e4hrt sich super\\u201c, schrieb uns die begeisterte Gewinnerin.<\\\/p>\\n\n\n<p>Wer dieses Mal kein Gl\\u00fcck hatte, muss nicht traurig sein, denn in der Adventszeit winken die n\\u00e4chsten attraktiven Preise f\\u00fcr Clubmitglieder. Wir informieren Sie rechtzeitig in der Clubmail!<\\\/p>\",\"css\":\".uk-h1, h1 {\\n    color: black;\\n}\\n.el-element {\\n    color: black !important;\\n}\",\"margin\":\"remove-vertical\"}}]},{\"type\":\"column\",\"props\":{\"image_position\":\"center-center\",\"position_sticky_breakpoint\":\"m\",\"width_medium\":\"1-2\"},\"children\":[{\"type\":\"image\",\"props\":{\"image\":\"wp-content\\\/uploads\\\/2024\\\/02\\\/SLsy8w7-kxIp.png\",\"image_svg_color\":\"emphasis\",\"margin\":\"default\"}}]}]}]},{\"type\":\"section\",\"props\":{\"image_position\":\"center-center\",\"style\":\"default\",\"title_breakpoint\":\"xl\",\"title_position\":\"top-left\",\"title_rotation\":\"left\",\"vertical_align\":\"middle\",\"width\":\"default\"},\"children\":[{\"type\":\"row\",\"children\":[{\"type\":\"column\",\"props\":{\"image_position\":\"center-center\",\"position_sticky_breakpoint\":\"m\"},\"children\":[{\"type\":\"yoo_spacer\",\"props\":{\"spacer_element\":\"div\",\"spacer_height\":\"50\"}}]}]}]}],\"version\":\"4.3.4\"} --><\/p>\n","protected":false},"excerpt":{"rendered":"<p>[chevron-down] SMART Bike \u00a9 VERLOSUNG AUF DEM CARAVAN SALON Der CARAVAN SALON Club ist w\u00e4hrend und auch au\u00dferhalb der Messelaufzeiten ein Gewinn. Vor kurzem konnten sich zum Beispiel wieder drei Mitglieder \u00fcber tolle Preise freuen. Und schon bald geht es in die n\u00e4chste Runde: In der Weihnachtszeit warten weitere Preise auf Sie! In der Clublounge [&hellip;]<\/p>\n","protected":false},"author":1,"featured_media":0,"parent":0,"menu_order":0,"comment_status":"closed","ping_status":"closed","template":"","meta":{"_acf_changed":false,"footnotes":""},"class_list":["post-1656","page","type-page","status-publish","hentry"],"acf":[],"_links":{"self":[{"href":"https:\/\/my-smartbike.eu\/index.php?rest_route=\/wp\/v2\/pages\/1656","targetHints":{"allow":["GET"]}}],"collection":[{"href":"https:\/\/my-smartbike.eu\/index.php?rest_route=\/wp\/v2\/pages"}],"about":[{"href":"https:\/\/my-smartbike.eu\/index.php?rest_route=\/wp\/v2\/types\/page"}],"author":[{"embeddable":true,"href":"https:\/\/my-smartbike.eu\/index.php?rest_route=\/wp\/v2\/users\/1"}],"replies":[{"embeddable":true,"href":"https:\/\/my-smartbike.eu\/index.php?rest_route=%2Fwp%2Fv2%2Fcomments&post=1656"}],"version-history":[{"count":9,"href":"https:\/\/my-smartbike.eu\/index.php?rest_route=\/wp\/v2\/pages\/1656\/revisions"}],"predecessor-version":[{"id":1669,"href":"https:\/\/my-smartbike.eu\/index.php?rest_route=\/wp\/v2\/pages\/1656\/revisions\/1669"}],"wp:attachment":[{"href":"https:\/\/my-smartbike.eu\/index.php?rest_route=%2Fwp%2Fv2%2Fmedia&parent=1656"}],"curies":[{"name":"wp","href":"https:\/\/api.w.org\/{rel}","templated":true}]}}