{"id":1395,"date":"2024-02-16T12:07:41","date_gmt":"2024-02-16T12:07:41","guid":{"rendered":"http:\/\/yootheme.my-smartbike.eu\/?page_id=1395"},"modified":"2025-03-31T11:43:03","modified_gmt":"2025-03-31T11:43:03","slug":"uber-uns","status":"publish","type":"page","link":"https:\/\/my-smartbike.eu\/?page_id=1395","title":{"rendered":"\u00dcber Uns"},"content":{"rendered":"\n<div><\/div>\n<p><img decoding=\"async\" src=\"\/wp-content\/uploads\/2024\/02\/uber.png\" alt=\"\"><\/p>\n<div><\/div>\n<p><a href=\"#faltbar2\">[chevron-down]<\/a><\/p>\n<div><\/div>\n<div>\n<p>SMART Bike \u00a9<\/p>\n<\/div>\n<div>\n<h1>Qualit\u00e4t zum klappen<\/h1>\n<p>E-Bike fahren macht Spa\u00df, erst recht dann, wenn man so ein attraktives Pedelec wie ein SMART Bike fahren kann! Die fahren nicht nur phantastisch &#8211; sie sind echte Hingucker! Ob in der Stadt, auf der Landstra\u00dfe, auf einem Feldweg, offroad, am Strand oder sogar auf festgefahrenem Schnee: Mit einem SMART Bike und seinen kr\u00e4ftigen Hochleistungsreifen fahren Sie immer richtig.<\/p>\n<p>Und schnell kompakt gefaltet passt es in fast jeden Kofferraum vom PKW, Reisemobil oder Caravan.<\/p>\n<\/div>\n<p><img decoding=\"async\" src=\"\/wp-content\/uploads\/2024\/02\/verborgenen.png\" alt=\"\"><\/p>\n<div><\/div>\n<p><a href=\"https:\/\/www.youtube.com\/watch?v=wCCjfHFp7nY\"><img decoding=\"async\" src=\"\/wp-content\/uploads\/2024\/02\/Gruppe-366.png\" alt=\"\"><\/a><\/p>\n<div>\n<p>Smartbike erkl\u00e4rt<\/p>\n<h2>Die Idee von My-Travel-Bike<\/h2>\n<p>Wir bei \u201eMy Travel Bike\u201c sind echte Praktiker. Mit genauen Vorstellungen f\u00fcr <br \/>unsere SMART Bikes , zur Qualit\u00e4t und Ausstattung. SMART Bikes werden <br \/>bei einem gro\u00dfen Premiumhersteller in Asien nach unseren Vorgaben <br \/>produziert. Sie reisen per Seecontainer nach Deutschland. Hier bei uns <br \/>werden sie endmontiert, gepr\u00fcft und an unsere Kunden verschickt.<\/p>\n<\/div>\n<p>\n    <a href=\"https:\/\/my-smartbike.eu\/?page_id=1671\">Zum Fahrrad<\/a>\n<\/p>\n<p><img decoding=\"async\" src=\"\/wp-content\/uploads\/2024\/02\/konnen.png\" alt=\"\"><\/p>\n<div>\n<p>EINMAL KOMFORT ZUM KLAPPEN, BITTE!<\/p>\n<h2>Smart bike SHARK 3.0<\/h2>\n<p>Die SHARK Modelle haben Biss! Wie auch das Modell SHARK 3.0 mit der den R\u00fccken schonenden Vollfederung im Rahmen, auch f\u00fcr Fahrten \u00fcber Stock und Stein. Die 3 Zoll oder 4 Zoll Reifen stecken alles weg!<\/p>\n<\/div>\n<p>\n    <a href=\"https:\/\/my-smartbike.eu\/?page_id=1673https:\/\/my-smartbike.eu\/?page_id=2096\">Zum Fahrrad<\/a>\n<\/p>\n<p><img decoding=\"async\" src=\"\/wp-content\/uploads\/2024\/04\/shark_links_blackgreen_1000.png\" alt=\"\"><br \/>\n<img decoding=\"async\" src=\"\/wp-content\/uploads\/2024\/02\/socal.png\" alt=\"\"><br \/>\n[instagram]<br \/>\n[youtube]<\/p>\n<p><!--more--><br \/>\n<!-- {\"type\":\"layout\",\"children\":[{\"type\":\"section\",\"props\":{\"animation\":\"slide-bottom-small\",\"header_transparent_noplaceholder\":true,\"image\":\"wp-content\\\/uploads\\\/2024\\\/02\\\/enthabtmehrheit.png\",\"image_position\":\"bottom-center\",\"image_size\":\"cover\",\"padding\":\"small\",\"padding_remove_bottom\":true,\"style\":\"default\",\"title_breakpoint\":\"xl\",\"title_position\":\"top-left\",\"title_rotation\":\"left\",\"vertical_align\":\"middle\",\"width\":\"default\"},\"children\":[{\"type\":\"row\",\"children\":[{\"type\":\"column\",\"props\":{\"image_position\":\"center-center\",\"position_sticky_breakpoint\":\"m\"},\"children\":[{\"type\":\"yoo_spacer\",\"props\":{\"spacer_element\":\"div\",\"spacer_height\":100}},{\"type\":\"image\",\"props\":{\"animation\":\"parallax\",\"image\":\"wp-content\\\/uploads\\\/2024\\\/02\\\/uber.png\",\"image_loading\":true,\"image_svg_color\":\"emphasis\",\"image_width\":1000,\"margin\":\"xlarge\",\"margin_remove_bottom\":true,\"parallax_easing\":\"0.5\",\"parallax_scale\":\"1,1.2\",\"parallax_start\":\"100%\",\"position\":\"relative\",\"position_z_index\":\"0\"}}]}]},{\"type\":\"row\",\"children\":[{\"type\":\"column\",\"props\":{\"image_position\":\"center-center\",\"position_sticky_breakpoint\":\"m\"},\"children\":[{\"type\":\"yoo_spacer\",\"props\":{\"spacer_element\":\"div\",\"spacer_height\":200}},{\"type\":\"icon\",\"props\":{\"css\":\"a, .uk-link {\\n    color: #315a33 !important;\\n}\\na:hover {\\n    color: #C9E0C2 !important;\\n}\",\"icon\":\"chevron-down\",\"icon_width\":60,\"link\":\"#faltbar2\",\"link_style\":\"link\",\"margin\":\"default\",\"text_align\":\"center\"}},{\"type\":\"yoo_spacer\",\"props\":{\"spacer_element\":\"div\",\"spacer_height\":28}}]}],\"props\":{\"row_gap\":\"small\"}}],\"name\":\"Hero\"},{\"type\":\"section\",\"props\":{\"id\":\"faltbar\",\"image_position\":\"center-center\",\"padding_remove_top\":true,\"style\":\"default\",\"title_breakpoint\":\"xl\",\"title_position\":\"top-left\",\"title_rotation\":\"left\",\"vertical_align\":\"middle\",\"width\":\"default\"},\"children\":[{\"type\":\"row\",\"props\":{\"layout\":\"1-2,1-2\"},\"children\":[{\"type\":\"column\",\"props\":{\"image_position\":\"center-center\",\"position_sticky_breakpoint\":\"m\",\"width_medium\":\"1-2\"},\"children\":[{\"type\":\"text\",\"props\":{\"column_breakpoint\":\"m\",\"content\":\"\n\n<p>SMART Bike \\u00a9<\\\/p>\",\"css\":\".el-element {\\n    color: black !important;\\n}\",\"margin\":\"remove-vertical\"}},{\"type\":\"text\",\"props\":{\"column_breakpoint\":\"m\",\"content\":\"\n\n<h1>Qualit\\u00e4t zum klappen<\\\/h1>\\n\n\n<p>E-Bike fahren macht Spa\\u00df, erst recht dann, wenn man so ein attraktives Pedelec wie ein SMART Bike fahren kann! Die fahren nicht nur phantastisch - sie sind echte Hingucker! Ob in der Stadt, auf der Landstra\\u00dfe, auf einem Feldweg, offroad, am Strand oder sogar auf festgefahrenem Schnee: Mit einem SMART Bike und seinen kr\\u00e4ftigen Hochleistungsreifen fahren Sie immer richtig.<\\\/p>\\n\n\n<p>Und schnell kompakt gefaltet passt es in fast jeden Kofferraum vom PKW, Reisemobil oder Caravan.<\\\/p>\",\"css\":\".uk-h1, h1 {\\n    color: black;\\n}\\n.el-element {\\n    color: black !important;\\n}\",\"margin\":\"remove-vertical\"}}]},{\"type\":\"column\",\"props\":{\"image_position\":\"center-center\",\"position_sticky_breakpoint\":\"m\",\"width_medium\":\"1-2\"},\"children\":[{\"type\":\"image\",\"props\":{\"image\":\"wp-content\\\/uploads\\\/2024\\\/02\\\/verborgenen.png\",\"image_svg_color\":\"emphasis\",\"margin\":\"default\",\"text_align\":\"center\"}}]}]},{\"type\":\"row\",\"children\":[{\"type\":\"column\",\"props\":{\"image_position\":\"center-center\",\"position_sticky_breakpoint\":\"m\"},\"children\":[{\"type\":\"yoo_spacer\",\"props\":{\"spacer_element\":\"div\",\"spacer_height\":70}}]}]}]},{\"type\":\"section\",\"props\":{\"image_position\":\"center-center\",\"style\":\"muted\",\"title_breakpoint\":\"xl\",\"title_position\":\"top-left\",\"title_rotation\":\"left\",\"vertical_align\":\"middle\",\"width\":\"default\"},\"children\":[{\"type\":\"row\",\"children\":[{\"type\":\"column\",\"props\":{\"image_position\":\"center-center\",\"position_sticky_breakpoint\":\"m\",\"width_medium\":\"1-2\"},\"children\":[{\"type\":\"image\",\"props\":{\"image\":\"wp-content\\\/uploads\\\/2024\\\/02\\\/Gruppe-366.png\",\"image_svg_color\":\"emphasis\",\"link\":\"https:\\\/\\\/www.youtube.com\\\/watch?v=wCCjfHFp7nY\",\"margin\":\"default\"}}]},{\"type\":\"column\",\"props\":{\"image_position\":\"center-center\",\"position_sticky_breakpoint\":\"m\",\"width_medium\":\"1-2\"},\"children\":[{\"type\":\"text\",\"props\":{\"column_breakpoint\":\"m\",\"content\":\"\n\n<p>Smartbike erkl\\u00e4rt<\\\/p>\\n\n\n<h2>Die Idee von My-Travel-Bike<\\\/h2>\\n\n\n<p>Wir bei \\u201eMy Travel Bike\\u201c sind echte Praktiker. Mit genauen Vorstellungen f\\u00fcr <br \\\/>unsere SMART Bikes , zur Qualit\\u00e4t und Ausstattung. SMART Bikes werden <br \\\/>bei einem gro\\u00dfen Premiumhersteller in Asien nach unseren Vorgaben <br \\\/>produziert. Sie reisen per Seecontainer nach Deutschland. Hier bei uns <br \\\/>werden sie endmontiert, gepr\\u00fcft und an unsere Kunden verschickt.<\\\/p>\",\"margin\":\"default\"}},{\"type\":\"button\",\"props\":{\"grid_column_gap\":\"small\",\"grid_row_gap\":\"small\",\"margin\":\"default\"},\"children\":[{\"type\":\"button_item\",\"props\":{\"button_style\":\"danger\",\"content\":\"Zum Fahrrad\",\"icon_align\":\"left\",\"link\":\"https:\\\/\\\/my-smartbike.eu\\\/?page_id=1671\"}}]}]}],\"props\":{\"layout\":\"1-2,1-2\"}}]},{\"type\":\"section\",\"props\":{\"image_position\":\"center-center\",\"style\":\"default\",\"title_breakpoint\":\"xl\",\"title_position\":\"top-left\",\"title_rotation\":\"left\",\"vertical_align\":\"middle\",\"width\":\"default\"},\"children\":[{\"type\":\"row\",\"children\":[{\"type\":\"column\",\"props\":{\"image_position\":\"center-center\",\"position_sticky_breakpoint\":\"m\"},\"children\":[{\"type\":\"image\",\"props\":{\"animation\":\"none\",\"id\":\"faltbar\",\"image\":\"wp-content\\\/uploads\\\/2024\\\/02\\\/konnen.png\",\"image_svg_color\":\"emphasis\",\"margin\":\"default\",\"parallax_x\":\"0\",\"parallax_y\":\"-190\",\"position\":\"relative\",\"position_top\":\"-20\",\"text_align\":\"center\"}}]}]}]},{\"type\":\"section\",\"props\":{\"image_position\":\"center-center\",\"style\":\"muted\",\"title_breakpoint\":\"xl\",\"title_position\":\"top-left\",\"title_rotation\":\"left\",\"vertical_align\":\"middle\",\"width\":\"default\"},\"children\":[{\"type\":\"row\",\"children\":[{\"type\":\"column\",\"props\":{\"image_position\":\"center-center\",\"position_sticky_breakpoint\":\"m\",\"width_medium\":\"1-2\"},\"children\":[{\"type\":\"text\",\"props\":{\"column_breakpoint\":\"m\",\"content\":\"\n\n<p>EINMAL KOMFORT ZUM KLAPPEN, BITTE!<\\\/p>\\n\n\n<h2>Smart bike SHARK 3.0<\\\/h2>\\n\n\n<p>Die SHARK Modelle haben Biss! Wie auch das Modell SHARK 3.0 mit der den R\\u00fccken schonenden Vollfederung im Rahmen, auch f\\u00fcr Fahrten \\u00fcber Stock und Stein. Die 3 Zoll oder 4 Zoll Reifen stecken alles weg!<\\\/p>\",\"margin\":\"default\"}},{\"type\":\"button\",\"props\":{\"grid_column_gap\":\"small\",\"grid_row_gap\":\"small\",\"margin\":\"default\"},\"children\":[{\"type\":\"button_item\",\"props\":{\"button_style\":\"danger\",\"content\":\"Zum Fahrrad\",\"icon_align\":\"left\",\"link\":\"https:\\\/\\\/my-smartbike.eu\\\/?page_id=1673https:\\\/\\\/my-smartbike.eu\\\/?page_id=2096\"}}]}]},{\"type\":\"column\",\"props\":{\"image_position\":\"center-center\",\"position_sticky_breakpoint\":\"m\",\"width_medium\":\"1-2\"},\"children\":[{\"type\":\"image\",\"props\":{\"image\":\"wp-content\\\/uploads\\\/2024\\\/04\\\/shark_links_blackgreen_1000.png\",\"image_svg_color\":\"emphasis\",\"margin\":\"default\"}}]}],\"props\":{\"layout\":\"1-2,1-2\"}}]},{\"type\":\"section\",\"props\":{\"image_position\":\"center-center\",\"style\":\"default\",\"title_breakpoint\":\"xl\",\"title_position\":\"top-left\",\"title_rotation\":\"left\",\"vertical_align\":\"middle\",\"width\":\"default\"},\"children\":[{\"type\":\"row\",\"children\":[{\"type\":\"column\",\"props\":{\"image_position\":\"center-center\",\"position_sticky_breakpoint\":\"m\"},\"children\":[{\"type\":\"image\",\"props\":{\"image\":\"wp-content\\\/uploads\\\/2024\\\/02\\\/socal.png\",\"image_svg_color\":\"emphasis\",\"image_width\":900,\"margin\":\"default\",\"text_align\":\"center\"}}]}]},{\"type\":\"row\",\"props\":{\"layout\":\"1-2,1-2\"},\"children\":[{\"type\":\"column\",\"props\":{\"image_position\":\"center-center\",\"position_sticky_breakpoint\":\"m\",\"width_medium\":\"1-2\"},\"children\":[{\"type\":\"icon\",\"props\":{\"icon\":\"instagram\",\"icon_color\":\"muted\",\"icon_width\":60,\"margin\":\"default\",\"text_align\":\"right\"}}]},{\"type\":\"column\",\"props\":{\"image_position\":\"center-center\",\"position_sticky_breakpoint\":\"m\",\"width_medium\":\"1-2\"},\"children\":[{\"type\":\"icon\",\"props\":{\"icon\":\"youtube\",\"icon_color\":\"muted\",\"icon_width\":60,\"margin\":\"default\",\"text_align\":\"left\"}}]}]}]}],\"version\":\"4.3.8\",\"yooessentialsVersion\":\"2.2.7\"} --><\/p>\n","protected":false},"excerpt":{"rendered":"<p>[chevron-down] SMART Bike \u00a9 Qualit\u00e4t zum klappen E-Bike fahren macht Spa\u00df, erst recht dann, wenn man so ein attraktives Pedelec wie ein SMART Bike fahren kann! Die fahren nicht nur phantastisch &#8211; sie sind echte Hingucker! Ob in der Stadt, auf der Landstra\u00dfe, auf einem Feldweg, offroad, am Strand oder sogar auf festgefahrenem Schnee: Mit [&hellip;]<\/p>\n","protected":false},"author":1,"featured_media":0,"parent":0,"menu_order":0,"comment_status":"closed","ping_status":"closed","template":"","meta":{"_acf_changed":false,"footnotes":""},"class_list":["post-1395","page","type-page","status-publish","hentry"],"acf":[],"_links":{"self":[{"href":"https:\/\/my-smartbike.eu\/index.php?rest_route=\/wp\/v2\/pages\/1395","targetHints":{"allow":["GET"]}}],"collection":[{"href":"https:\/\/my-smartbike.eu\/index.php?rest_route=\/wp\/v2\/pages"}],"about":[{"href":"https:\/\/my-smartbike.eu\/index.php?rest_route=\/wp\/v2\/types\/page"}],"author":[{"embeddable":true,"href":"https:\/\/my-smartbike.eu\/index.php?rest_route=\/wp\/v2\/users\/1"}],"replies":[{"embeddable":true,"href":"https:\/\/my-smartbike.eu\/index.php?rest_route=%2Fwp%2Fv2%2Fcomments&post=1395"}],"version-history":[{"count":32,"href":"https:\/\/my-smartbike.eu\/index.php?rest_route=\/wp\/v2\/pages\/1395\/revisions"}],"predecessor-version":[{"id":2919,"href":"https:\/\/my-smartbike.eu\/index.php?rest_route=\/wp\/v2\/pages\/1395\/revisions\/2919"}],"wp:attachment":[{"href":"https:\/\/my-smartbike.eu\/index.php?rest_route=%2Fwp%2Fv2%2Fmedia&parent=1395"}],"curies":[{"name":"wp","href":"https:\/\/api.w.org\/{rel}","templated":true}]}}