{"id":1393,"date":"2024-02-16T12:07:30","date_gmt":"2024-02-16T12:07:30","guid":{"rendered":"http:\/\/yootheme.my-smartbike.eu\/?page_id=1393"},"modified":"2024-04-02T10:36:58","modified_gmt":"2024-04-02T10:36:58","slug":"unsere-e-bikes","status":"publish","type":"page","link":"https:\/\/my-smartbike.eu\/?page_id=1393","title":{"rendered":"Unsere E-Bikes"},"content":{"rendered":"<p><img decoding=\"async\" src=\"\/wp-content\/uploads\/2024\/02\/unsereebike.png\" alt=\"\"><br \/>\n<img decoding=\"async\" src=\"\/wp-content\/uploads\/2024\/03\/ADS_1295.png\" alt=\"\"><\/p>\n<div><\/div>\n<p><a href=\"#faltbar2\">[chevron-down]<\/a><br \/>\n<img decoding=\"async\" src=\"\/wp-content\/uploads\/2024\/02\/unsereebike.png\" alt=\"\"><br \/>\n<img decoding=\"async\" src=\"\/wp-content\/uploads\/2024\/02\/gtaiv.png\" alt=\"\"><br \/>\n<a href=\"#faltbar2\">[chevron-down]<\/a><\/p>\n<div><\/div>\n<p><img decoding=\"async\" src=\"\/wp-content\/uploads\/2024\/02\/bigfoot.png\" alt=\"\"><\/p>\n<p>\n    <a href=\"\/index.php?page_id=1671\">Mehr Informationen<\/a>\n<\/p>\n<p><img decoding=\"async\" src=\"\/wp-content\/uploads\/2024\/02\/nexus-1.png\" alt=\"\"><\/p>\n<p>\n    <a href=\"\/index.php?page_id=1670\">Mehr Informationen<\/a>\n<\/p>\n<p><img decoding=\"async\" src=\"\/wp-content\/uploads\/2024\/02\/premium.png\" alt=\"\"><\/p>\n<p>\n    <a href=\"\/index.php?page_id=2158\">Mehr Informationen<\/a>\n<\/p>\n<p><img decoding=\"async\" src=\"\/wp-content\/uploads\/2024\/02\/Gruppe-328-1.png\" alt=\"\"><\/p>\n<p>\n    <a href=\"\/index.php?page_id=1673\">Mehr Informationen<\/a>\n<\/p>\n<p><img decoding=\"async\" src=\"\/wp-content\/uploads\/2024\/02\/credit.png\" alt=\"\"><\/p>\n<div><\/div>\n<div>\n<p style=\"text-align: center;\"><strong>Bike Leasing:<\/strong> eBike \u00fcber den Arbeitgeber finanzieren! Auch f\u00fcr Selbstst\u00e4ndige:<\/p>\n<\/div>\n<p><img decoding=\"async\" src=\"\/wp-content\/uploads\/2024\/02\/dichter.png\" alt=\"\"><\/p>\n<div><\/div>\n<p><!--more--><br \/>\n<!-- {\"type\":\"layout\",\"children\":[{\"type\":\"section\",\"props\":{\"animation\":\"slide-bottom-small\",\"class\":\"uk-hidden@s\",\"header_transparent_noplaceholder\":true,\"image\":\"wp-content\\\/uploads\\\/2024\\\/02\\\/background.png\",\"image_position\":\"bottom-center\",\"image_size\":\"cover\",\"padding\":\"small\",\"padding_remove_bottom\":true,\"style\":\"default\",\"title_breakpoint\":\"xl\",\"title_position\":\"top-left\",\"title_rotation\":\"left\",\"vertical_align\":\"middle\",\"width\":\"default\"},\"children\":[{\"type\":\"row\",\"children\":[{\"type\":\"column\",\"props\":{\"image_position\":\"center-center\",\"position_sticky_breakpoint\":\"m\"},\"children\":[{\"type\":\"image\",\"props\":{\"animation\":\"parallax\",\"image\":\"wp-content\\\/uploads\\\/2024\\\/02\\\/unsereebike.png\",\"image_loading\":true,\"image_svg_color\":\"emphasis\",\"image_width\":1200,\"margin\":\"xlarge\",\"margin_remove_bottom\":true,\"parallax_easing\":\"0.5\",\"parallax_scale\":\"1,1.2\",\"parallax_start\":\"100%\",\"position\":\"relative\",\"position_left\":\"30\",\"position_top\":\"20\",\"position_z_index\":\"1\",\"text_align\":\"center\"}}]}]},{\"type\":\"row\",\"children\":[{\"type\":\"column\",\"props\":{\"image_position\":\"center-center\",\"position_sticky_breakpoint\":\"m\"},\"children\":[{\"type\":\"image\",\"props\":{\"animation\":\"scale-up\",\"css\":\".el-image {\\n\\ttransform: scale(1.2)\\n}\",\"image\":\"wp-content\\\/uploads\\\/2024\\\/03\\\/ADS_1295.png\",\"image_loading\":false,\"image_svg_color\":\"emphasis\",\"margin\":\"default\",\"parallax_scale\":\"2 100%\",\"position_top\":\"-110\",\"position_z_index\":\"0\",\"text_align\":\"center\"}},{\"type\":\"yoo_spacer\",\"props\":{\"spacer_element\":\"div\",\"spacer_height\":28}},{\"type\":\"icon\",\"props\":{\"css\":\"a, .uk-link {\\n    color: #315a33 !important;\\n}\",\"icon\":\"chevron-down\",\"icon_width\":60,\"link\":\"#faltbar2\",\"link_style\":\"link\",\"margin\":\"default\",\"position_top\":\"-190\",\"text_align\":\"center\"}}]}],\"props\":{\"row_gap\":\"small\"}}],\"name\":\"Hero\"},{\"type\":\"section\",\"props\":{\"animation\":\"slide-bottom-small\",\"class\":\"uk-visible@s\",\"header_transparent_noplaceholder\":true,\"image\":\"wp-content\\\/uploads\\\/2024\\\/02\\\/background.png\",\"image_position\":\"bottom-center\",\"image_size\":\"cover\",\"padding\":\"small\",\"padding_remove_bottom\":true,\"style\":\"default\",\"title_breakpoint\":\"xl\",\"title_position\":\"top-left\",\"title_rotation\":\"left\",\"vertical_align\":\"middle\",\"width\":\"default\"},\"children\":[{\"type\":\"row\",\"children\":[{\"type\":\"column\",\"props\":{\"image_position\":\"center-center\",\"position_sticky_breakpoint\":\"m\"},\"children\":[{\"type\":\"image\",\"props\":{\"animation\":\"parallax\",\"image\":\"wp-content\\\/uploads\\\/2024\\\/02\\\/unsereebike.png\",\"image_loading\":true,\"image_svg_color\":\"emphasis\",\"image_width\":1200,\"margin\":\"xlarge\",\"margin_remove_bottom\":true,\"parallax_easing\":\"0.5\",\"parallax_scale\":\"1,1.2\",\"parallax_start\":\"100%\",\"position\":\"relative\",\"position_left\":\"140\",\"position_top\":\"-10\",\"position_z_index\":\"1\",\"text_align\":\"center\"}}]}]},{\"type\":\"row\",\"children\":[{\"type\":\"column\",\"props\":{\"image_position\":\"center-center\",\"position_sticky_breakpoint\":\"m\"},\"children\":[{\"type\":\"image\",\"props\":{\"animation\":\"scale-up\",\"css\":\".el-image {\\n\\ttransform: scale(1.5)\\n}\",\"image\":\"wp-content\\\/uploads\\\/2024\\\/02\\\/gtaiv.png\",\"image_loading\":false,\"image_svg_color\":\"emphasis\",\"margin\":\"default\",\"parallax_scale\":\"2 100%\",\"position\":\"relative\",\"position_top\":\"-110\",\"position_z_index\":\"0\",\"text_align\":\"center\"}},{\"type\":\"icon\",\"props\":{\"css\":\"a, .uk-link {\\n    color: #315a33 !important;\\n}\",\"icon\":\"chevron-down\",\"icon_width\":60,\"link\":\"#faltbar2\",\"link_style\":\"link\",\"margin\":\"default\",\"position\":\"relative\",\"position_top\":\"-190\",\"text_align\":\"center\"}},{\"type\":\"yoo_spacer\",\"props\":{\"spacer_element\":\"div\",\"spacer_height\":28}}]}],\"props\":{\"row_gap\":\"small\"}}],\"name\":\"Hero\"},{\"type\":\"section\",\"props\":{\"image_position\":\"center-center\",\"style\":\"default\",\"title_breakpoint\":\"xl\",\"title_position\":\"top-left\",\"title_rotation\":\"left\",\"vertical_align\":\"middle\",\"width\":\"default\"},\"children\":[{\"type\":\"row\",\"props\":{\"layout\":\"1-2,1-2\"},\"children\":[{\"type\":\"column\",\"props\":{\"image_position\":\"center-center\",\"position_sticky_breakpoint\":\"m\",\"width_medium\":\"1-2\"},\"children\":[{\"type\":\"fragment\",\"props\":{\"css\":\".el-element {\\n    background-color: white;\\n    padding: 20px;\\n    border-radius: 20px; \\nbox-shadow: 0px 0px 15px 5px rgba(0,0,0,0.15);\\n}\",\"margin\":\"default\"},\"children\":[{\"type\":\"row\",\"children\":[{\"type\":\"column\",\"props\":{\"image_position\":\"center-center\",\"position_sticky_breakpoint\":\"m\"},\"children\":[{\"type\":\"image\",\"props\":{\"image\":\"wp-content\\\/uploads\\\/2024\\\/02\\\/bigfoot.png\",\"image_svg_color\":\"emphasis\",\"margin\":\"default\"}},{\"type\":\"button\",\"props\":{\"grid_column_gap\":\"small\",\"grid_row_gap\":\"small\",\"margin\":\"default\",\"text_align\":\"center\"},\"children\":[{\"type\":\"button_item\",\"props\":{\"button_style\":\"default\",\"content\":\"Mehr Informationen\",\"icon_align\":\"left\",\"link\":\"index.php?page_id=1671\"}}]}]}]}]}]},{\"type\":\"column\",\"props\":{\"image_position\":\"center-center\",\"position_sticky_breakpoint\":\"m\",\"width_medium\":\"1-2\"},\"children\":[{\"type\":\"fragment\",\"props\":{\"css\":\".el-element {\\n    background-color: white;\\n    padding: 20px;\\n    border-radius: 20px; \\nbox-shadow: 0px 0px 15px 5px rgba(0,0,0,0.15);\\n}\",\"margin\":\"default\"},\"children\":[{\"type\":\"row\",\"children\":[{\"type\":\"column\",\"props\":{\"image_position\":\"center-center\",\"position_sticky_breakpoint\":\"m\"},\"children\":[{\"type\":\"image\",\"props\":{\"image\":\"wp-content\\\/uploads\\\/2024\\\/02\\\/nexus-1.png\",\"image_svg_color\":\"emphasis\",\"margin\":\"default\"}},{\"type\":\"button\",\"props\":{\"grid_column_gap\":\"small\",\"grid_row_gap\":\"small\",\"margin\":\"default\",\"text_align\":\"center\"},\"children\":[{\"type\":\"button_item\",\"props\":{\"button_style\":\"default\",\"content\":\"Mehr Informationen\",\"icon_align\":\"left\",\"link\":\"index.php?page_id=1670\"}}]}]}]}]}]}]},{\"type\":\"row\",\"props\":{\"layout\":\"1-2,1-2\"},\"children\":[{\"type\":\"column\",\"props\":{\"image_position\":\"center-center\",\"position_sticky_breakpoint\":\"m\",\"width_medium\":\"1-2\"},\"children\":[{\"type\":\"fragment\",\"props\":{\"css\":\".el-element {\\n    background-color: white;\\n    padding: 20px;\\n    border-radius: 20px; \\nbox-shadow: 0px 0px 15px 5px rgba(0,0,0,0.15);\\n}\",\"margin\":\"default\"},\"children\":[{\"type\":\"row\",\"children\":[{\"type\":\"column\",\"props\":{\"image_position\":\"center-center\",\"position_sticky_breakpoint\":\"m\"},\"children\":[{\"type\":\"image\",\"props\":{\"image\":\"wp-content\\\/uploads\\\/2024\\\/02\\\/premium.png\",\"image_svg_color\":\"emphasis\",\"margin\":\"default\"}},{\"type\":\"button\",\"props\":{\"grid_column_gap\":\"small\",\"grid_row_gap\":\"small\",\"margin\":\"default\",\"text_align\":\"center\"},\"children\":[{\"type\":\"button_item\",\"props\":{\"button_style\":\"default\",\"content\":\"Mehr Informationen\",\"icon_align\":\"left\",\"link\":\"index.php?page_id=2158\"}}]}]}]}]}]},{\"type\":\"column\",\"props\":{\"image_position\":\"center-center\",\"position_sticky_breakpoint\":\"m\",\"width_medium\":\"1-2\"},\"children\":[{\"type\":\"fragment\",\"props\":{\"css\":\".el-element {\\n    background-color: white;\\n    padding: 20px;\\n    border-radius: 20px; \\nbox-shadow: 0px 0px 15px 5px rgba(0,0,0,0.15);\\n}\",\"margin\":\"default\"},\"children\":[{\"type\":\"row\",\"children\":[{\"type\":\"column\",\"props\":{\"image_position\":\"center-center\",\"position_sticky_breakpoint\":\"m\"},\"children\":[{\"type\":\"image\",\"props\":{\"image\":\"wp-content\\\/uploads\\\/2024\\\/02\\\/Gruppe-328-1.png\",\"image_svg_color\":\"emphasis\",\"margin\":\"default\"}},{\"type\":\"button\",\"props\":{\"grid_column_gap\":\"small\",\"grid_row_gap\":\"small\",\"margin\":\"default\",\"text_align\":\"center\"},\"children\":[{\"type\":\"button_item\",\"props\":{\"button_style\":\"default\",\"content\":\"Mehr Informationen\",\"icon_align\":\"left\",\"link\":\"index.php?page_id=1673\"}}]}]}]}]}]}]}]},{\"type\":\"section\",\"props\":{\"id\":\"faltbar2\",\"image_position\":\"center-center\",\"style\":\"muted\",\"title_breakpoint\":\"xl\",\"title_position\":\"top-left\",\"title_rotation\":\"left\",\"vertical_align\":\"middle\",\"width\":\"default\"},\"children\":[{\"type\":\"row\",\"children\":[{\"type\":\"column\",\"props\":{\"image_position\":\"center-center\",\"position_sticky_breakpoint\":\"m\"},\"children\":[{\"type\":\"image\",\"props\":{\"animation\":\"none\",\"id\":\"faltbar\",\"image\":\"wp-content\\\/uploads\\\/2024\\\/02\\\/credit.png\",\"image_svg_color\":\"emphasis\",\"image_width\":800,\"margin\":\"remove-vertical\",\"parallax_x\":\"0\",\"parallax_y\":\"-190\",\"text_align\":\"center\"}}]}]}]},{\"type\":\"section\",\"props\":{\"image_position\":\"center-center\",\"style\":\"default\",\"title_breakpoint\":\"xl\",\"title_position\":\"top-left\",\"title_rotation\":\"left\",\"vertical_align\":\"middle\",\"width\":\"default\"},\"children\":[{\"type\":\"row\",\"children\":[{\"type\":\"column\",\"props\":{\"image_position\":\"center-center\",\"position_sticky_breakpoint\":\"m\"},\"children\":[{\"type\":\"yoo_spacer\",\"props\":{\"spacer_element\":\"div\",\"spacer_height\":\"50\"}},{\"type\":\"text\",\"props\":{\"column_breakpoint\":\"m\",\"content\":\"\n\n<p style=\\\"text-align: center;\\\"><strong>Bike Leasing:<\\\/strong> eBike \\u00fcber den Arbeitgeber finanzieren! Auch f\\u00fcr Selbstst\\u00e4ndige:<\\\/p>\",\"css\":\".el-element {\\n  font-size: 24px;\\n}\",\"margin\":\"default\",\"text_color\":\"muted\"}},{\"type\":\"image\",\"props\":{\"image\":\"wp-content\\\/uploads\\\/2024\\\/02\\\/dichter.png\",\"image_svg_color\":\"emphasis\",\"margin\":\"default\",\"text_align\":\"center\"}},{\"type\":\"yoo_spacer\",\"props\":{\"spacer_element\":\"div\",\"spacer_height\":\"50\"}}]}]}]}],\"version\":\"4.3.8\",\"yooessentialsVersion\":\"2.2.7\"} --><\/p>\n","protected":false},"excerpt":{"rendered":"<p>[chevron-down] [chevron-down] Mehr Informationen Mehr Informationen Mehr Informationen Mehr Informationen Bike Leasing: eBike \u00fcber den Arbeitgeber finanzieren! Auch f\u00fcr Selbstst\u00e4ndige:<\/p>\n","protected":false},"author":1,"featured_media":0,"parent":0,"menu_order":0,"comment_status":"closed","ping_status":"closed","template":"","meta":{"_acf_changed":false,"footnotes":""},"class_list":["post-1393","page","type-page","status-publish","hentry"],"acf":[],"_links":{"self":[{"href":"https:\/\/my-smartbike.eu\/index.php?rest_route=\/wp\/v2\/pages\/1393","targetHints":{"allow":["GET"]}}],"collection":[{"href":"https:\/\/my-smartbike.eu\/index.php?rest_route=\/wp\/v2\/pages"}],"about":[{"href":"https:\/\/my-smartbike.eu\/index.php?rest_route=\/wp\/v2\/types\/page"}],"author":[{"embeddable":true,"href":"https:\/\/my-smartbike.eu\/index.php?rest_route=\/wp\/v2\/users\/1"}],"replies":[{"embeddable":true,"href":"https:\/\/my-smartbike.eu\/index.php?rest_route=%2Fwp%2Fv2%2Fcomments&post=1393"}],"version-history":[{"count":79,"href":"https:\/\/my-smartbike.eu\/index.php?rest_route=\/wp\/v2\/pages\/1393\/revisions"}],"predecessor-version":[{"id":2376,"href":"https:\/\/my-smartbike.eu\/index.php?rest_route=\/wp\/v2\/pages\/1393\/revisions\/2376"}],"wp:attachment":[{"href":"https:\/\/my-smartbike.eu\/index.php?rest_route=%2Fwp%2Fv2%2Fmedia&parent=1393"}],"curies":[{"name":"wp","href":"https:\/\/api.w.org\/{rel}","templated":true}]}}